{"id":5172,"date":"2015-06-24T13:31:16","date_gmt":"2015-06-24T11:31:16","guid":{"rendered":"http:\/\/www.kulturkreis-wachtendonk.de\/cms\/?page_id=5172"},"modified":"2024-03-18T00:38:08","modified_gmt":"2024-03-17T23:38:08","slug":"newsletter","status":"publish","type":"page","link":"https:\/\/www.kulturkreis-wachtendonk.de\/cms\/newsletter\/","title":{"rendered":"Newsletter abonnieren"},"content":{"rendered":"<p style=\"text-align: left;\">\u00a0<\/p>\n  \n  \n  <div class=\"\n    mailpoet_form_popup_overlay\n      \"><\/div>\n  <div\n    id=\"mailpoet_form_1\"\n    class=\"\n      mailpoet_form\n      mailpoet_form_shortcode\n      mailpoet_form_position_\n      mailpoet_form_animation_\n    \"\n      >\n\n    <style type=\"text\/css\">\n     #mailpoet_form_1 .mailpoet_form {  }\n#mailpoet_form_1 form { margin-bottom: 0; }\n#mailpoet_form_1 h1.mailpoet-heading { margin: 0 0 20px; }\n#mailpoet_form_1 p.mailpoet_form_paragraph.last { margin-bottom: 5px; }\n#mailpoet_form_1 .mailpoet_column_with_background { padding: 10px; }\n#mailpoet_form_1 .mailpoet_form_column:not(:first-child) { margin-left: 20px; }\n#mailpoet_form_1 .mailpoet_paragraph { line-height: 20px; margin-bottom: 20px; }\n#mailpoet_form_1 .mailpoet_segment_label, #mailpoet_form_1 .mailpoet_text_label, #mailpoet_form_1 .mailpoet_textarea_label, #mailpoet_form_1 .mailpoet_select_label, #mailpoet_form_1 .mailpoet_radio_label, #mailpoet_form_1 .mailpoet_checkbox_label, #mailpoet_form_1 .mailpoet_list_label, #mailpoet_form_1 .mailpoet_date_label { display: block; font-weight: normal; }\n#mailpoet_form_1 .mailpoet_text, #mailpoet_form_1 .mailpoet_textarea, #mailpoet_form_1 .mailpoet_select, #mailpoet_form_1 .mailpoet_date_month, #mailpoet_form_1 .mailpoet_date_day, #mailpoet_form_1 .mailpoet_date_year, #mailpoet_form_1 .mailpoet_date { display: block; }\n#mailpoet_form_1 .mailpoet_text, #mailpoet_form_1 .mailpoet_textarea { width: 200px; }\n#mailpoet_form_1 .mailpoet_checkbox {  }\n#mailpoet_form_1 .mailpoet_submit {  }\n#mailpoet_form_1 .mailpoet_divider {  }\n#mailpoet_form_1 .mailpoet_message {  }\n#mailpoet_form_1 .mailpoet_form_loading { width: 30px; text-align: center; line-height: normal; }\n#mailpoet_form_1 .mailpoet_form_loading > span { width: 5px; height: 5px; background-color: #5b5b5b; }#mailpoet_form_1{border-radius: 16px;background: #ffffff;color: #000000;text-align: left;}#mailpoet_form_1 form.mailpoet_form {padding: 16px;}#mailpoet_form_1{width: 100%;}#mailpoet_form_1 .mailpoet_message {margin: 0; padding: 0 20px;}\n        #mailpoet_form_1 .mailpoet_validate_success {color: #000000}\n        #mailpoet_form_1 input.parsley-success {color: #000000}\n        #mailpoet_form_1 select.parsley-success {color: #000000}\n        #mailpoet_form_1 textarea.parsley-success {color: #000000}\n      \n        #mailpoet_form_1 .mailpoet_validate_error {color: #991212}\n        #mailpoet_form_1 input.parsley-error {color: #991212}\n        #mailpoet_form_1 select.parsley-error {color: #991212}\n        #mailpoet_form_1 textarea.textarea.parsley-error {color: #991212}\n        #mailpoet_form_1 .parsley-errors-list {color: #991212}\n        #mailpoet_form_1 .parsley-required {color: #991212}\n        #mailpoet_form_1 .parsley-custom-error-message {color: #991212}\n      #mailpoet_form_1 .mailpoet_paragraph.last {margin-bottom: 0} @media (max-width: 500px) {#mailpoet_form_1 {background: #ffffff;}} @media (min-width: 500px) {#mailpoet_form_1 .last .mailpoet_paragraph:last-child {margin-bottom: 0}}  @media (max-width: 500px) {#mailpoet_form_1 .mailpoet_form_column:last-child .mailpoet_paragraph:last-child {margin-bottom: 0}} \n    <\/style>\n\n    <form\n      target=\"_self\"\n      method=\"post\"\n      action=\"https:\/\/www.kulturkreis-wachtendonk.de\/cms\/wp-admin\/admin-post.php?action=mailpoet_subscription_form\"\n      class=\"mailpoet_form mailpoet_form_form mailpoet_form_shortcode\"\n      novalidate\n      data-delay=\"\"\n      data-exit-intent-enabled=\"\"\n      data-trigger-mode=\"\"\n      data-click-trigger-selector=\"\"\n      data-font-family=\"\"\n      data-cookie-expiration-time=\"\"\n    >\n      <input type=\"hidden\" name=\"data[form_id]\" value=\"1\" \/>\n      <input type=\"hidden\" name=\"token\" value=\"4644efc856\" \/>\n      <input type=\"hidden\" name=\"api_version\" value=\"v1\" \/>\n      <input type=\"hidden\" name=\"endpoint\" value=\"subscribers\" \/>\n      <input type=\"hidden\" name=\"mailpoet_method\" value=\"subscribe\" \/>\n\n      <label class=\"mailpoet_hp_email_label\" style=\"display: none !important;\">Bitte dieses Feld leer lassen<input type=\"email\" name=\"data[email]\"\/><\/label><div class=\"mailpoet_form_image\"><figure class=\"size-full aligncenter\"><img decoding=\"async\" src=\"http:\/\/www.kulturkreis-wachtendonk.de\/cms\/wp-content\/uploads\/2024\/03\/cropped-1_logo-kk_512x512_V2.jpg\" alt class=\"wp-image-12257\" srcset=\"https:\/\/www.kulturkreis-wachtendonk.de\/cms\/wp-content\/uploads\/2024\/03\/cropped-1_logo-kk_512x512_V2.jpg 512w, https:\/\/www.kulturkreis-wachtendonk.de\/cms\/wp-content\/uploads\/2024\/03\/cropped-1_logo-kk_512x512_V2-300x300.jpg 300w, https:\/\/www.kulturkreis-wachtendonk.de\/cms\/wp-content\/uploads\/2024\/03\/cropped-1_logo-kk_512x512_V2-200x200.jpg 200w, https:\/\/www.kulturkreis-wachtendonk.de\/cms\/wp-content\/uploads\/2024\/03\/cropped-1_logo-kk_512x512_V2-270x270.jpg 270w, https:\/\/www.kulturkreis-wachtendonk.de\/cms\/wp-content\/uploads\/2024\/03\/cropped-1_logo-kk_512x512_V2-192x192.jpg 192w, https:\/\/www.kulturkreis-wachtendonk.de\/cms\/wp-content\/uploads\/2024\/03\/cropped-1_logo-kk_512x512_V2-180x180.jpg 180w, https:\/\/www.kulturkreis-wachtendonk.de\/cms\/wp-content\/uploads\/2024\/03\/cropped-1_logo-kk_512x512_V2-32x32.jpg 32w\" width=299 height=0 style=\"width: 299px;height: 0px\"><\/figure><\/div>\n<h2 class=\"mailpoet-heading  mailpoet-has-font-size\" style=\"text-align: center; color: #313131; font-size: 26px; line-height: 1.5\"><span style=\"font-family:\" data-font=\"\" class=\"mailpoet-has-font\"><strong>Abonnieren Sie unseren Kulturkreis-Newsletter!<\/strong><\/span><\/h2>\n<div class=\"mailpoet_paragraph \"><input type=\"text\" autocomplete=\"given-name\" class=\"mailpoet_text\" id=\"form_first_name_1\" name=\"data[form_field_MWEyZjg0ZGRjZWU1X2ZpcnN0X25hbWU=]\" title=\"Vorname\" value=\"\" style=\"width:100%;box-sizing:border-box;padding:16px;margin: 0 auto 0 0;font-size:22px;line-height:1.5;height:auto;\" data-automation-id=\"form_first_name\"  placeholder=\"Vorname\" aria-label=\"Vorname\" data-parsley-errors-container=\".mailpoet_error_y29m6\" data-parsley-names='[&quot;Bitte gib einen g\u00fcltigen Namen an.&quot;,&quot;Adressen in Namen sind nicht erlaubt, bitte f\u00fcge stattdessen deinen Namen hinzu.&quot;]'\/><span class=\"mailpoet_error_y29m6\"><\/span><\/div>\n<div class=\"mailpoet_paragraph \"><input type=\"text\" autocomplete=\"family-name\" class=\"mailpoet_text\" id=\"form_last_name_1\" name=\"data[form_field_ZDgzZDM1NjIyMjkxX2xhc3RfbmFtZQ==]\" title=\"Nachname\" value=\"\" style=\"width:100%;box-sizing:border-box;padding:16px;margin: 0 auto 0 0;font-size:22px;line-height:1.5;height:auto;\" data-automation-id=\"form_last_name\"  placeholder=\"Nachname\" aria-label=\"Nachname\" data-parsley-errors-container=\".mailpoet_error_139jn\" data-parsley-names='[&quot;Bitte gib einen g\u00fcltigen Namen an.&quot;,&quot;Adressen in Namen sind nicht erlaubt, bitte f\u00fcge stattdessen deinen Namen hinzu.&quot;]'\/><span class=\"mailpoet_error_139jn\"><\/span><\/div>\n<div class=\"mailpoet_paragraph \"><style>input[name=\"data[form_field_YWRiMzJlOWE4MGQ4X2VtYWls]\"]::placeholder{color:#777777;opacity: 1;}<\/style><input type=\"email\" autocomplete=\"email\" class=\"mailpoet_text\" id=\"form_email_1\" name=\"data[form_field_YWRiMzJlOWE4MGQ4X2VtYWls]\" title=\"E-Mail Adresse eintragen\" value=\"\" style=\"width:100%;box-sizing:border-box;background-color:#eeeeee;border-style:solid;border-radius:8px !important;border-width:1px;border-color:#313131;padding:16px;margin: 0 auto 0 0;font-size:22px;line-height:1.5;height:auto;color:#777777;\" data-automation-id=\"form_email\"  placeholder=\"E-Mail Adresse eintragen *\" aria-label=\"E-Mail Adresse eintragen *\" data-parsley-errors-container=\".mailpoet_error_15tiq\" data-parsley-required=\"true\" required aria-required=\"true\" data-parsley-minlength=\"6\" data-parsley-maxlength=\"150\" data-parsley-type-message=\"Dieser Wert sollte eine g\u00fcltige E-Mail-Adresse sein.\" data-parsley-required-message=\"Dieses Feld wird ben\u00f6tigt.\"\/><span class=\"mailpoet_error_15tiq\"><\/span><\/div>\n<div class=\"mailpoet_paragraph \"><input type=\"submit\" class=\"mailpoet_submit\" value=\"\u2192 Newsletter anmelden \u2190\" data-automation-id=\"subscribe-submit-button\" style=\"width:100%;box-sizing:border-box;background-color:#000000;border-style:solid;border-radius:8px !important;border-width:0px;padding:16px;margin: 0 auto 0 0;font-size:NaN;line-height:1.5;height:auto;color:#ffd456;border-color:transparent;font-weight:bold;\" \/><span class=\"mailpoet_form_loading\"><span class=\"mailpoet_bounce1\"><\/span><span class=\"mailpoet_bounce2\"><\/span><span class=\"mailpoet_bounce3\"><\/span><\/span><\/div>\n<p class=\"mailpoet_form_paragraph  mailpoet-has-font-size\" style=\"text-align: center; font-size: 13px; line-height: 1.3\">* <strong>Wir nehmen den Datenschutz ernst: au\u00dfer Ihrem Namen und Ihrer E-Mail-Adresse sind keine pers\u00f6nlichen Angaben erforderlich.<\/strong><\/p>\n\n      <div class=\"mailpoet_message\">\n        <p class=\"mailpoet_validate_success\"\n                style=\"display:none;\"\n                >Bitte pr\u00fcfen Sie unbedingt Ihr E-Mail-Postfach (ggf. auch den SPAM-Ordner!), um Ihre Anmeldung \u00fcber den Link in unserer Newsletter E-Mail zu best\u00e4tigen. \n\nAnsonsten erhalten Sie aus rechtlichen Gr\u00fcnden leider KEINEN Newsletter von uns!\n        <\/p>\n        <p class=\"mailpoet_validate_error\"\n                style=\"display:none;\"\n                >        <\/p>\n      <\/div>\n    <\/form>\n\n      <\/div>\n\n  \n<p>&nbsp;<\/p>\n<p><strong><span style=\"color: #800000;\">Bitte pr\u00fcfen Sie unbedingt Ihr E-Mail-Postfach (ggf. im SPAM-Ordner nachschauen!), um Ihre Anmeldung \u00fcber den Link in dieser E-Mail zu best\u00e4tigen. Ansonsten erhalten Sie aus rechtlichen Gr\u00fcnden KEINEN Newsletter von uns!<\/span><\/strong><\/p>\n<p><strong>Wichtiger Hinweis:<\/strong><br \/>\nMit der Aktivierung des Newsletters \u00fcber den Link, den Sie von uns per E-Mail erhalten, best\u00e4tigen Sie die Kenntnisnahme der\u00a0<a href=\"https:\/\/www.kulturkreis-wachtendonk.de\/cms\/?page_id=7339\">Datenschutzerkl\u00e4rung<\/a>\u00a0und erkl\u00e4ren sich damit einverstanden, dass Ihre\u00a0E-Mail-Adresse zum Versand des Newsletters verwendet wird.<\/p>\n<p style=\"text-align: left;\">Im Zuge der europaweit geltenden gesetzlichen Bestimmungen der Datenschutzgrundverordnung (DSGVO) haben wir unsere Datenschutzerkl\u00e4rung \u00fcberarbeitet.\u00a0Detaillierte Informationen zum Thema Datenschutz erhalten Sie\u00a0\u00bb\u00a0<a href=\"https:\/\/www.kulturkreis-wachtendonk.de\/cms\/?p=7339\"><strong>HIER<\/strong><\/a><strong>.<\/strong><\/p>\n<p style=\"text-align: left;\">Weiterhin m\u00f6chten wir gerne mit Ihnen in Verbindung bleiben \u2013 wir hoffen Sie auch!\u00a0Wir werden auch in Zukunft besonnen mit Ihren Daten umgehen und daher versprechen wir, dass personenbezogene Daten, die wir nur f\u00fcr unser Newsletter-Mailing benutzen, nicht an Dritte weitergeben.<\/p>\n<p style=\"text-align: left;\">Sie k\u00f6nnen jederzeit von Ihrem Recht auf Information oder L\u00f6schung der Daten Gebrauch machen. Hierzu senden Sie uns bitte einfach eine E-Mail an: <a href=\"mailto:kulturkreis@wachtendonk.de\">kulturkreis@wachtendonk.de<\/a>. Ebenso k\u00f6nnen Sie jederzeit Ihre Daten aus unserer Verteilerliste beseitigen lassen. Einen entsprechenden Link zum Abmelden finden Sie am Ende eines jeden Newsletters.<\/p>\n<p style=\"text-align: left;\">Wenn Sie auch weiterhin Informationen \u00fcber unsere derzeitigen Kulturveranstaltungen erhalten m\u00f6chten, brauchen Sie nichts weiter zu tun.<\/p>\n<p style=\"text-align: left;\">Mit herzlichen Gr\u00fc\u00dfen<\/p>\n<p style=\"text-align: left;\">Ihr Kulturkreis Wachtendonk e.V.<\/p>\n","protected":false},"excerpt":{"rendered":"<p>\u00a0 &nbsp; Bitte pr\u00fcfen Sie unbedingt Ihr E-Mail-Postfach (ggf. im SPAM-Ordner nachschauen!), um Ihre Anmeldung \u00fcber den Link in dieser E-Mail zu best\u00e4tigen. Ansonsten erhalten Sie aus rechtlichen Gr\u00fcnden KEINEN Newsletter von uns! Wichtiger Hinweis: Mit der Aktivierung des Newsletters \u00fcber den Link, den Sie von uns per E-Mail erhalten, best\u00e4tigen Sie die Kenntnisnahme der\u00a0Datenschutzerkl\u00e4rung\u00a0und &#8230; <\/p>\n<p class=\"read-more-container\"><a title=\"Newsletter abonnieren\" class=\"read-more button\" href=\"https:\/\/www.kulturkreis-wachtendonk.de\/cms\/newsletter\/#more-5172\" aria-label=\"Mehr Informationen \u00fcber Newsletter abonnieren\">Weiterlesen &#8230;<\/a><\/p>\n","protected":false},"author":4,"featured_media":0,"parent":0,"menu_order":56,"comment_status":"closed","ping_status":"closed","template":"","meta":{"footnotes":""},"class_list":["post-5172","page","type-page","status-publish"],"_links":{"self":[{"href":"https:\/\/www.kulturkreis-wachtendonk.de\/cms\/wp-json\/wp\/v2\/pages\/5172","targetHints":{"allow":["GET"]}}],"collection":[{"href":"https:\/\/www.kulturkreis-wachtendonk.de\/cms\/wp-json\/wp\/v2\/pages"}],"about":[{"href":"https:\/\/www.kulturkreis-wachtendonk.de\/cms\/wp-json\/wp\/v2\/types\/page"}],"author":[{"embeddable":true,"href":"https:\/\/www.kulturkreis-wachtendonk.de\/cms\/wp-json\/wp\/v2\/users\/4"}],"replies":[{"embeddable":true,"href":"https:\/\/www.kulturkreis-wachtendonk.de\/cms\/wp-json\/wp\/v2\/comments?post=5172"}],"version-history":[{"count":22,"href":"https:\/\/www.kulturkreis-wachtendonk.de\/cms\/wp-json\/wp\/v2\/pages\/5172\/revisions"}],"predecessor-version":[{"id":12592,"href":"https:\/\/www.kulturkreis-wachtendonk.de\/cms\/wp-json\/wp\/v2\/pages\/5172\/revisions\/12592"}],"wp:attachment":[{"href":"https:\/\/www.kulturkreis-wachtendonk.de\/cms\/wp-json\/wp\/v2\/media?parent=5172"}],"curies":[{"name":"wp","href":"https:\/\/api.w.org\/{rel}","templated":true}]}}